{"id":1009,"date":"2019-11-15T17:34:54","date_gmt":"2019-11-15T17:34:54","guid":{"rendered":"http:\/\/ibccguatemala.com\/?page_id=1009"},"modified":"2019-12-06T01:23:57","modified_gmt":"2019-12-06T01:23:57","slug":"doctrinal-statement","status":"publish","type":"page","link":"https:\/\/ibccguatemala.com\/?page_id=1009","title":{"rendered":"Declaraci\u00f3n de Fe"},"content":{"rendered":"\r\n<p><strong>LA BIBLIA<\/strong><\/p>\r\n\r\n\r\n\r\n<p>Creemos que las Escrituras el Antiguo y Nuevo\r\nTestamento son la Palabra de Dios, totalmente inspirada y sin error y la regla\r\ninfalible de nuestra fe y pr\u00e1ctica. La Palabra de Dios es el fundamento sobre\r\nel cual la iglesia opera y es la base por la&nbsp;cual la iglesia se rige.\r\nCreemos que la Palabra de Dios prevalece sobre cualquier ley terrenal que es\r\ncontraria a las Sagradas Escrituras&nbsp;(Isa\u00edas 28:13; Nehem\u00edas 8:8; Juan\r\n17:17, 2 Timoteo 3:16-17, Hebreos 4:12, 1 Pedro 1:23-25\u200b\u200b, 2 Pedro 1:3-4\r\ny&nbsp;1:21).<\/p>\r\n\r\n\r\n\r\n<p><strong>LA TRINIDAD<\/strong><\/p>\r\n\r\n\r\n\r\n<p>Creemos que hay un solo Dios vivo y verdadero,\r\neternamente existente en tres personas: el Padre, el Hijo y el Esp\u00edritu Santo,\r\niguales en poder y gloria, este Dios Trino cre\u00f3 todo, sostiene todo, y gobierna\r\nsobre todas las cosas&nbsp;(G\u00e9nesis 1:1,&nbsp;Deuteronomio 6:4, Isa\u00edas\r\n44:8&nbsp;y&nbsp;48:16, Mateo 28:19-20, Juan 10:30, Hebreos 1:3).<\/p>\r\n\r\n\r\n\r\n<p>Creemos en la persona de Dios el Padre, infinito,\r\nEsp\u00edritu eterno, personal, perfecto en santidad, sabidur\u00eda, poder y amor, que\r\n\u00c9l mismo se preocupa misericordiosamente en los asuntos de los hombres, que \u00c9l\r\noye y contesta la oraci\u00f3n, y&nbsp;que \u00c9l salva del pecado y de la muerte a\r\ntodos aquellos que vienen a \u00c9l a trav\u00e9s de Jesucristo&nbsp;(Deuteronomio 33:27;\r\nSalmos 90:2; Salmos 102:27, Juan 3:16&nbsp;y&nbsp;4:24, 1 Timoteo 1:17, Tito\r\n1:3).<\/p>\r\n\r\n\r\n\r\n<p>Creemos en la persona de Jesucristo, el Hijo unig\u00e9nito\r\nde Dios, concebido por el Esp\u00edritu Santo. Creemos en su nacimiento virginal, su\r\nvida sin pecado, sus milagros y ense\u00f1anzas, su muerte expiatoria vicaria, su\r\nresurrecci\u00f3n corporal, su&nbsp;ascensi\u00f3n a los cielos, la intercesi\u00f3n perpetua\r\npor su pueblo y su retorno personal y visible a la tierra.&nbsp;(Isa\u00edas 7:14;\r\nMiqueas 5:2; 1:23 Mateo, Marcos 16:19, Lucas 1:34-35, Juan 1:1-2,\r\n8:58&nbsp;y&nbsp;11:25, 1 Corintios 15:3-4 , 1 Timoteo 3:16,&nbsp;Hebreos 1:8, 1\r\nJuan 1:2, Apocalipsis 1:8).<\/p>\r\n\r\n\r\n\r\n<p>Creemos en la persona del Esp\u00edritu Santo, que vino del\r\nPadre y del Hijo para convencer al mundo de pecado, justicia y juicio, y\r\nregenerar, santificar y capacitar para el ministerio a todos los creyentes en\r\nCristo,&nbsp;(Hechos 1:8 , 2 Corintios&nbsp;3:18; Juan 16:8-11, Romanos\r\n8:26&nbsp;y&nbsp;15:13,16; Hebreos 9:14). Creemos que el Esp\u00edritu Santo habita\r\nen cada creyente en Jesucristo y que \u00c9l es un ayudante permanente, maestro y\r\ngu\u00eda&nbsp;(Juan 6:13, 14:16-17&nbsp;y&nbsp;16:8-11, Romanos 8:26).&nbsp;Creemos\r\nen el bautismo del Esp\u00edritu Santo como una experiencia distinta y separada a la\r\nde la regeneraci\u00f3n, que se produce, ya sea despu\u00e9s o simult\u00e1neamente con la\r\nsalvaci\u00f3n, evidenciado por una vida din\u00e1mica en el cristiano que\r\nle&nbsp;capacita para ser un testigo audaz y m\u00e1s eficaz. La evidencia suprema\r\nde una vida llena del Esp\u00edritu es el fruto del Esp\u00edritu: el amor. Creemos en el\r\nministerio actual del Esp\u00edritu Santo en relaci\u00f3n con el ejercicio de todos los\r\ndones&nbsp;b\u00edblicos del Esp\u00edritu Santo, de acuerdo con las instrucciones que se\r\nnos dan en&nbsp;1 Corintios 12-14.<\/p>\r\n\r\n\r\n\r\n<p><strong>EL PECADO<\/strong><\/p>\r\n\r\n\r\n\r\n<p>Creemos que todos los hombres son pecadores por\r\nnaturaleza y elecci\u00f3n, y est\u00e1n por debajo de la norma de Dios al romper sus\r\nmandamientos, y por lo tanto se encuentran bajo el justo juicio de Dios. Sin\r\nembargo, Dios salva y da nueva vida a&nbsp;todos los que vienen a \u00c9l en\r\narrepentimiento y fe, confiando en la persona y la obra de Jesucristo. En la\r\ncruz, Jesucristo como nuestro sustituto muri\u00f3 en nuestro lugar, absorbiendo la\r\nira de Dios que deber\u00eda haber ca\u00eddo sobre nosotros. Debido a&nbsp;que Jes\u00fas\r\nmuri\u00f3 por los pecados de todo el mundo la invitaci\u00f3n a creer es otorgada a\r\ntodos, y el que quiera puede venir a Jes\u00fas para una vida nueva y el perd\u00f3n de\r\nlos pecados&nbsp;(Romanos 3:23, Hechos 3:19, Hechos 20:21, Efesios 2:1-3,\r\nEfesios&nbsp;2:8-9, 1 Juan 2:2, Juan 3:16, 11:28 Mateo, Apocalipsis 22:17 ).<\/p>\r\n\r\n\r\n\r\n<p><strong>LIDERAZGO EN LA IGLESIA<\/strong><\/p>\r\n\r\n\r\n\r\n<p>Creemos en el modelo y principio del liderazgo\r\nmasculino y su responsabilidad en el hogar y en la iglesia, de acuerdo con el\r\nejemplo sacrificial de Jes\u00fas. Creemos que esto limita el papel de liderazgo\r\npastoral y autoridad doctrinal a hombres&nbsp;calificados&nbsp;(1 Corintios\r\n11:1-12, 1 Timoteo 2:1-15). Creemos en la iglesia universal, el cuerpo\r\nespiritual vivo, del cual Cristo es la cabeza y todos los que han nacido de\r\nnuevo son parte del Cuerpo de Cristo&nbsp;(1 Corintios 12:12-13, Efesios\r\n4:15-16).<\/p>\r\n\r\n\r\n\r\n<p><strong>ORDENANZAS<\/strong><\/p>\r\n\r\n\r\n\r\n<p>Creemos que el Se\u00f1or Jesucristo instituy\u00f3 dos\r\nordenanzas para la iglesia: (a) el bautismo por inmersi\u00f3n en agua de los\r\ncreyentes, y (b) la Cena del Se\u00f1or&nbsp;(Mateo 28:19, Lucas 22:19-20, Hechos\r\n2:38; 1 Corintios 11:23-26).<\/p>\r\n\r\n\r\n\r\n<p><strong>CIELO E INFIERNO<\/strong><\/p>\r\n\r\n\r\n\r\n<p>Creemos en un cielo y en un infierno literal y que\r\ntodos aquellos que ponen su fe, esperanza y confianza en Jesucristo pasar\u00e1n la\r\neternidad en el cielo con el Se\u00f1or, mientras que los que rechazan el don gratuito\r\nde salvaci\u00f3n de Jes\u00fas pasar\u00e1n la&nbsp;eternidad separados del Se\u00f1or&nbsp;(Salmo\r\n9:17; Mateo 5:3, 5:22, 18:9&nbsp;y&nbsp;25:31-34, Marcos 9:42-49, Lucas\r\n12:05&nbsp;y&nbsp;Juan 3:18, Hebreos 12:23; 1 Pedro 1 : 4, Apocalipsis 14:10-11\r\ny 20:11-15).<\/p>\r\n\r\n\r\n\r\n<p><strong>LA SEGUNDA VENIDA DE CRISTO<\/strong><\/p>\r\n\r\n\r\n\r\n<p>Creemos en la segunda venida de Jesucristo, que es su\r\nregreso personal y visible a la tierra y el establecimiento de su reino\r\nmilenario, creemos en la resurrecci\u00f3n del cuerpo, el juicio final y la\r\nbendici\u00f3n eterna de los justos y en la separaci\u00f3n&nbsp;perpetua de los\r\nmalos&nbsp;(Mateo 16:27, Hechos 1:11, Apocalipsis 19:11-16, 20:11-15). Creemos\r\nen la rapto pretribulacional de la Iglesia, en la que todos los creyentes se\r\nreunir\u00e1n con el Se\u00f1or en el aire y ser\u00e1n sacados de este mundo antes de que la&nbsp;tribulaci\u00f3n\r\nvenga sobre la tierra&nbsp;(Isa\u00edas 26:20, Mateo 24:29-31, Lucas 21:36, Romanos\r\n1:18, 5:09, 1 Tesalonicenses 1:10, 4:13-16&nbsp;y&nbsp;5:9, 2 Pedro 2:7-9 ,\r\nApocalipsis 3:10, 5:7-10&nbsp;y&nbsp;7:13-14).<\/p>\r\n\r\n\r\n\r\n<p><strong>EL MATRIMONIO<\/strong><\/p>\r\n\r\n\r\n\r\n<p>Creemos que Dios cre\u00f3 al hombre y que los cre\u00f3 hombre\r\ny mujer. Como tal, los cre\u00f3 diferentes, con el fin de complementar y completar\r\nal uno con el otro. Dios instituy\u00f3 el matrimonio mon\u00f3gamo entre hombre y mujer\r\ncomo la base de la familia&nbsp;y la estructura b\u00e1sica de la sociedad humana.\r\nPor lo tanto, celebramos matrimonios en conformidad con la Biblia que consiste\r\nen Antiguo y Nuevo Testamento&nbsp;(G\u00e9nesis 2:24, Mateo 19:4-6; Juan 4:16-18,\r\nRomanos 1:18-32, I Corintios 5:11, 6:9-11, 6:18-20, 7:1-3&nbsp;y&nbsp;7:8-9,\r\nG\u00e1latas 5:19-21, Efesios 5:3-7, 1 Timoteo 1:9-11).<\/p>\r\n","protected":false},"excerpt":{"rendered":"<p>LA BIBLIA Creemos que las Escrituras el Antiguo y Nuevo Testamento son la Palabra de Dios, totalmente inspirada y sin error y la regla infalible&#8230;<\/p>\n","protected":false},"author":1,"featured_media":0,"parent":647,"menu_order":2,"comment_status":"closed","ping_status":"closed","template":"","meta":{"footnotes":""},"class_list":["post-1009","page","type-page","status-publish"],"_links":{"self":[{"href":"https:\/\/ibccguatemala.com\/index.php?rest_route=\/wp\/v2\/pages\/1009","targetHints":{"allow":["GET"]}}],"collection":[{"href":"https:\/\/ibccguatemala.com\/index.php?rest_route=\/wp\/v2\/pages"}],"about":[{"href":"https:\/\/ibccguatemala.com\/index.php?rest_route=\/wp\/v2\/types\/page"}],"author":[{"embeddable":true,"href":"https:\/\/ibccguatemala.com\/index.php?rest_route=\/wp\/v2\/users\/1"}],"replies":[{"embeddable":true,"href":"https:\/\/ibccguatemala.com\/index.php?rest_route=%2Fwp%2Fv2%2Fcomments&post=1009"}],"version-history":[{"count":5,"href":"https:\/\/ibccguatemala.com\/index.php?rest_route=\/wp\/v2\/pages\/1009\/revisions"}],"predecessor-version":[{"id":5865,"href":"https:\/\/ibccguatemala.com\/index.php?rest_route=\/wp\/v2\/pages\/1009\/revisions\/5865"}],"up":[{"embeddable":true,"href":"https:\/\/ibccguatemala.com\/index.php?rest_route=\/wp\/v2\/pages\/647"}],"wp:attachment":[{"href":"https:\/\/ibccguatemala.com\/index.php?rest_route=%2Fwp%2Fv2%2Fmedia&parent=1009"}],"curies":[{"name":"wp","href":"https:\/\/api.w.org\/{rel}","templated":true}]}}