{"id":1017,"date":"2019-11-15T18:08:13","date_gmt":"2019-11-15T18:08:13","guid":{"rendered":"http:\/\/ibccguatemala.com\/?page_id=1017"},"modified":"2023-10-11T20:00:58","modified_gmt":"2023-10-11T20:00:58","slug":"frequently-asked-questions","status":"publish","type":"page","link":"https:\/\/ibccguatemala.com\/?page_id=1017","title":{"rendered":"Preguntas Frecuentes"},"content":{"rendered":"[vc_row type=\u00bbin_container\u00bb full_screen_row_position=\u00bbmiddle\u00bb column_margin=\u00bbdefault\u00bb scene_position=\u00bbcenter\u00bb text_color=\u00bbdark\u00bb text_align=\u00bbleft\u00bb overlay_strength=\u00bb0.3&#8243; shape_divider_position=\u00bbbottom\u00bb bg_image_animation=\u00bbnone\u00bb][vc_column column_padding=\u00bbno-extra-padding\u00bb column_padding_position=\u00bball\u00bb background_color_opacity=\u00bb1&#8243; background_hover_color_opacity=\u00bb1&#8243; column_link_target=\u00bb_self\u00bb column_shadow=\u00bbnone\u00bb column_border_radius=\u00bbnone\u00bb width=\u00bb1\/1&#8243; tablet_width_inherit=\u00bbdefault\u00bb tablet_text_alignment=\u00bbdefault\u00bb phone_text_alignment=\u00bbdefault\u00bb overlay_strength=\u00bb0.3&#8243; column_border_width=\u00bbnone\u00bb column_border_style=\u00bbsolid\u00bb bg_image_animation=\u00bbnone\u00bb][vc_column_text]\r\n<p><strong>\u00bfCu\u00e1nto tiempo dura el programa?<\/strong><\/p>\r\n\r\n<p>El programa del Instituto B\u00edblico Calvary Chapel Guatemala tiene una duraci\u00f3n de dos semestres. El semestre de Primavera t\u00edpicamente inicia en febrero y finaliza en mayo. El semestre de Oto\u00f1o t\u00edpicamente inicia en agosto y finaliza en diciembre.<\/p>\r\n\r\n<p>Puedes unirte al programa en cualquiera de los dos semestres. Si inicias en febrero, terminar\u00edas el programa en diciembre. Si inicias en agosto, terminar\u00edas en mayo.<\/p>\r\n\r\n<p><strong>\u00bfCu\u00e1les son los requisitos para aplicar?<\/strong><\/p>\r\n\r\n<p>1. Debes ser mayor de edad (18 a\u00f1os o m\u00e1s).<br \/>2. Debes completar el formulario de aplicaci\u00f3n.<br \/>3. Debes proveer una carta de recomendaci\u00f3n de tu pastor.<br \/>4. Debes tener una entrevista (por videollamada o en persona) con nosotros.<\/p>\r\n\r\n<p><strong>\u00bfCu\u00e1nto cuesta estudiar en el Instituto B\u00edblico?<\/strong><\/p>\r\n\r\n<p>Actualmente el costo para estudiar en el Instituto B\u00edblico es de US$1,250 (mil doscientos cincuenta d\u00f3lares de los Estados Unidos) por cada semestre.<\/p>\r\n\r\n<p><strong>\u00bfQu\u00e9 incluye el costo?<\/strong><\/p>\r\n\r\n<p>El costo incluye materiales de estudio, alojamiento y alimentaci\u00f3n. Adem\u00e1s est\u00e1 incluido el costo de una semana de misiones al interior de Guatemala cada semestre.<\/p>\r\n\r\n<p><strong>\u00bfCu\u00e1ndo puedo aplicar?<\/strong><\/p>\r\n\r\n<p>Las aplicaciones se abren en Junio y en Diciembre cada a\u00f1o.<\/p>\r\n\r\n<p><strong>\u00bfTienen becas disponibles?<\/strong><\/p>\r\n\r\n<p>Procuramos mantener el costo del programa lo m\u00e1s bajo posible para que el mayor n\u00famero de personas pueda acceder a \u00e9l.\u00a0 Sin embargo, eso nos limita para poder extender ayuda econ\u00f3mica o subsidios.<\/p>\r\n\r\n<p>En el pasado hemos visto al Se\u00f1or proveer (incluso de manera milagrosa) para la colegiatura de estudiantes que definitivamente \u00c9l quer\u00eda que estudiaran con nosotros y tenemos la certeza de que \u00c9l puede hacerlo una y otra vez m\u00e1s.<\/p>\r\n\r\n<p>Si usted quisiera apoyar econ\u00f3micamente este ministerio o a un estudiante en particular, le agradecemos que se comunique con nosotros utilizando nuestro <a href=\"http:\/\/ibccguatemala.com\/?page_id=177\">formulario de contacto<\/a>.<\/p>\r\n\r\n<p>&nbsp;<\/p>\r\n[\/vc_column_text][\/vc_column][\/vc_row]","protected":false},"excerpt":{"rendered":"<p>[vc_row type=\u00bbin_container\u00bb full_screen_row_position=\u00bbmiddle\u00bb column_margin=\u00bbdefault\u00bb scene_position=\u00bbcenter\u00bb text_color=\u00bbdark\u00bb text_align=\u00bbleft\u00bb overlay_strength=\u00bb0.3&#8243; shape_divider_position=\u00bbbottom\u00bb bg_image_animation=\u00bbnone\u00bb][vc_column column_padding=\u00bbno-extra-padding\u00bb column_padding_position=\u00bball\u00bb background_color_opacity=\u00bb1&#8243; background_hover_color_opacity=\u00bb1&#8243; column_link_target=\u00bb_self\u00bb column_shadow=\u00bbnone\u00bb column_border_radius=\u00bbnone\u00bb width=\u00bb1\/1&#8243; tablet_width_inherit=\u00bbdefault\u00bb tablet_text_alignment=\u00bbdefault\u00bb phone_text_alignment=\u00bbdefault\u00bb overlay_strength=\u00bb0.3&#8243; column_border_width=\u00bbnone\u00bb column_border_style=\u00bbsolid\u00bb bg_image_animation=\u00bbnone\u00bb][vc_column_text]&#8230;<\/p>\n","protected":false},"author":1,"featured_media":0,"parent":647,"menu_order":4,"comment_status":"closed","ping_status":"closed","template":"","meta":{"footnotes":""},"class_list":["post-1017","page","type-page","status-publish"],"_links":{"self":[{"href":"https:\/\/ibccguatemala.com\/index.php?rest_route=\/wp\/v2\/pages\/1017","targetHints":{"allow":["GET"]}}],"collection":[{"href":"https:\/\/ibccguatemala.com\/index.php?rest_route=\/wp\/v2\/pages"}],"about":[{"href":"https:\/\/ibccguatemala.com\/index.php?rest_route=\/wp\/v2\/types\/page"}],"author":[{"embeddable":true,"href":"https:\/\/ibccguatemala.com\/index.php?rest_route=\/wp\/v2\/users\/1"}],"replies":[{"embeddable":true,"href":"https:\/\/ibccguatemala.com\/index.php?rest_route=%2Fwp%2Fv2%2Fcomments&post=1017"}],"version-history":[{"count":10,"href":"https:\/\/ibccguatemala.com\/index.php?rest_route=\/wp\/v2\/pages\/1017\/revisions"}],"predecessor-version":[{"id":6044,"href":"https:\/\/ibccguatemala.com\/index.php?rest_route=\/wp\/v2\/pages\/1017\/revisions\/6044"}],"up":[{"embeddable":true,"href":"https:\/\/ibccguatemala.com\/index.php?rest_route=\/wp\/v2\/pages\/647"}],"wp:attachment":[{"href":"https:\/\/ibccguatemala.com\/index.php?rest_route=%2Fwp%2Fv2%2Fmedia&parent=1017"}],"curies":[{"name":"wp","href":"https:\/\/api.w.org\/{rel}","templated":true}]}}